{"id":2962,"date":"2024-01-19T07:14:18","date_gmt":"2024-01-19T07:14:18","guid":{"rendered":"https:\/\/themepanthers.com\/wp\/risehand\/el\/?page_id=2962"},"modified":"2024-08-11T13:07:08","modified_gmt":"2024-08-11T13:07:08","slug":"mot-du-president","status":"publish","type":"page","link":"https:\/\/jadara.ngo\/en\/mot-du-president\/","title":{"rendered":"Message from the President"},"content":{"rendered":"<div data-elementor-type=\"wp-page\" data-elementor-id=\"2962\" class=\"elementor elementor-2962\" data-elementor-post-type=\"page\">\n\t\t\t\t\t\t<section class=\"elementor-section elementor-top-section elementor-element elementor-element-ae2e273 elementor-section-content-middle elementor-section-boxed elementor-section-height-default elementor-section-height-default\" data-id=\"ae2e273\" data-element_type=\"section\">\n\t\t\t\t\t\t<div class=\"elementor-container elementor-column-gap-default\">\n\t\t\t\t\t<div class=\"elementor-column elementor-col-50 elementor-top-column elementor-element elementor-element-0246c8d\" data-id=\"0246c8d\" data-element_type=\"column\">\n\t\t\t<div class=\"elementor-widget-wrap elementor-element-populated\">\n\t\t\t\t\t\t<div class=\"elementor-element elementor-element-46b9945 elementor-widget elementor-widget-text-editor\" data-id=\"46b9945\" data-element_type=\"widget\" data-widget_type=\"text-editor.default\">\n\t\t\t\t<div class=\"elementor-widget-container\">\n\t\t\t<style>\/*! elementor - v3.22.0 - 26-06-2024 *\/\n.elementor-widget-text-editor.elementor-drop-cap-view-stacked .elementor-drop-cap{background-color:#69727d;color:#fff}.elementor-widget-text-editor.elementor-drop-cap-view-framed .elementor-drop-cap{color:#69727d;border:3px solid;background-color:transparent}.elementor-widget-text-editor:not(.elementor-drop-cap-view-default) .elementor-drop-cap{margin-top:8px}.elementor-widget-text-editor:not(.elementor-drop-cap-view-default) .elementor-drop-cap-letter{width:1em;height:1em}.elementor-widget-text-editor .elementor-drop-cap{float:left;text-align:center;line-height:1;font-size:50px}.elementor-widget-text-editor .elementor-drop-cap-letter{display:inline-block}<\/style>\t\t\t\tDear partners, volunteers, donors, and members of JADARA community,\n\n<br><br>\nOn behalf of the Board of Directors and the team at Jadara, we wish to express our heartfelt gratitude for your ongoing commitment and support. Thanks to you, we can continue our mission and make a positive impact on the lives of the young people we serve. Our dedication to supporting youth from underprivileged backgrounds in their educational and professional journeys lies at the heart of our work. We have developed programs that provide opportunities for education, mentorship, and skills development, empowering each young person to build their future with confidence and ambition.\n<br>\n\nWe have also launched initiatives such as the \u201cWings by Coding\u201d program, aimed at targeting NEETs (Not in Education, Employment, or Training) and equipping them with the necessary tools to reintegrate into the workforce. Through strategic partnerships, we have expanded our reach and strengthened our impact within the communities we serve.\n<br><br>\nFinancially, we are committed to maintaining rigorous and transparent management of our resources, ensuring effective and responsible deployment of the means mobilized for our cause.<br>\nWe extend our heartfelt thanks to everyone contributing to the success of Jadara: our members, partners, dedicated volunteers, and generous donors. It is through your unwavering support that we can continue to fulfill our mission and transform the lives of many young people.<br>\nWe invite you to explore our website to discover our achievements and to join us in our mission to \"give wings to youth so that Morocco can soar.\"\n\n<br><br>\nThank you for being a part of our journey!\t\t\t\t\t\t<\/div>\n\t\t\t\t<\/div>\n\t\t\t\t<div class=\"elementor-element elementor-element-27431a8 elementor-widget elementor-widget-risehand-title-v1\" data-id=\"27431a8\" data-element_type=\"widget\" data-widget_type=\"risehand-title-v1.default\">\n\t\t\t\t<div class=\"elementor-widget-container\">\n\t\t\t \r\n<div class=\"title_all_box style_one dark_color\">\r\n                                <\/div>\r\n\r\n\t\t<\/div>\n\t\t\t\t<\/div>\n\t\t\t\t\t<\/div>\n\t\t<\/div>\n\t\t\t\t<div class=\"elementor-column elementor-col-50 elementor-top-column elementor-element elementor-element-e0951ce\" data-id=\"e0951ce\" data-element_type=\"column\">\n\t\t\t<div class=\"elementor-widget-wrap elementor-element-populated\">\n\t\t\t\t\t\t<div class=\"elementor-element elementor-element-f519445 elementor-widget elementor-widget-image\" data-id=\"f519445\" data-element_type=\"widget\" data-widget_type=\"image.default\">\n\t\t\t\t<div class=\"elementor-widget-container\">\n\t\t\t<style>\/*! elementor - v3.22.0 - 26-06-2024 *\/\n.elementor-widget-image{text-align:center}.elementor-widget-image a{display:inline-block}.elementor-widget-image a img[src$=\".svg\"]{width:48px}.elementor-widget-image img{vertical-align:middle;display:inline-block}<\/style>\t\t\t\t\t\t\t\t\t\t<img fetchpriority=\"high\" decoding=\"async\" width=\"683\" height=\"1024\" src=\"https:\/\/jadara.ngo\/wp-content\/uploads\/2024\/08\/HAMID-1-1-683x1024.jpg\" class=\"attachment-large size-large wp-image-7131\" alt=\"\" srcset=\"https:\/\/jadara.ngo\/wp-content\/uploads\/2024\/08\/HAMID-1-1-683x1024.jpg 683w, https:\/\/jadara.ngo\/wp-content\/uploads\/2024\/08\/HAMID-1-1-200x300.jpg 200w, https:\/\/jadara.ngo\/wp-content\/uploads\/2024\/08\/HAMID-1-1-768x1152.jpg 768w, https:\/\/jadara.ngo\/wp-content\/uploads\/2024\/08\/HAMID-1-1-1024x1536.jpg 1024w, https:\/\/jadara.ngo\/wp-content\/uploads\/2024\/08\/HAMID-1-1-1365x2048.jpg 1365w, https:\/\/jadara.ngo\/wp-content\/uploads\/2024\/08\/HAMID-1-1-600x900.jpg 600w, https:\/\/jadara.ngo\/wp-content\/uploads\/2024\/08\/HAMID-1-1-scaled.jpg 1707w\" sizes=\"(max-width: 683px) 100vw, 683px\" \/>\t\t\t\t\t\t\t\t\t\t\t\t\t<\/div>\n\t\t\t\t<\/div>\n\t\t\t\t<section class=\"elementor-section elementor-inner-section elementor-element elementor-element-7e5bf7d elementor-section-full_width elementor-section-content-middle elementor-section-height-default elementor-section-height-default\" data-id=\"7e5bf7d\" data-element_type=\"section\">\n\t\t\t\t\t\t<div class=\"elementor-container elementor-column-gap-no\">\n\t\t\t\t\t<div class=\"elementor-column elementor-col-100 elementor-inner-column elementor-element elementor-element-d8968bc\" data-id=\"d8968bc\" data-element_type=\"column\">\n\t\t\t<div class=\"elementor-widget-wrap elementor-element-populated\">\n\t\t\t\t\t\t<div class=\"elementor-element elementor-element-12069a1 elementor-widget__width-initial elementor-widget elementor-widget-risehand-text-editor-v1\" data-id=\"12069a1\" data-element_type=\"widget\" data-widget_type=\"risehand-text-editor-v1.default\">\n\t\t\t\t<div class=\"elementor-widget-container\">\n\t\t\t        <div class=\"position-relative position_p_relative\">\r\n                <p class=\"card-text fw-bold mb-0 pb-0 p\">Hamid Ben ELAFDIL<\/p><p><span class=\"fst-italic text-secondary mt-0 pt-0 p\">President - Jadara Foundation<\/span><\/p>            <\/div>\r\n        \t\t<\/div>\n\t\t\t\t<\/div>\n\t\t\t\t\t<\/div>\n\t\t<\/div>\n\t\t\t\t\t<\/div>\n\t\t<\/section>\n\t\t\t\t\t<\/div>\n\t\t<\/div>\n\t\t\t\t\t<\/div>\n\t\t<\/section>\n\t\t\t\t<section class=\"elementor-section elementor-top-section elementor-element elementor-element-1678194 elementor-section-boxed elementor-section-height-default elementor-section-height-default\" data-id=\"1678194\" data-element_type=\"section\">\n\t\t\t\t\t\t<div class=\"elementor-container elementor-column-gap-default\">\n\t\t\t\t\t<div class=\"elementor-column elementor-col-100 elementor-top-column elementor-element elementor-element-2126d93\" data-id=\"2126d93\" data-element_type=\"column\">\n\t\t\t<div class=\"elementor-widget-wrap\">\n\t\t\t\t\t\t\t<\/div>\n\t\t<\/div>\n\t\t\t\t\t<\/div>\n\t\t<\/section>\n\t\t\t\t<\/div>","protected":false},"excerpt":{"rendered":"<p>Chers partenaires, b\u00e9n\u00e9voles, donateurs et membres de la communaut\u00e9 Jadara. Au nom du Conseil d&#8217;Administration et de l&#8217;\u00e9quipe de l&#8217;association Jadara, nous souhaitons exprimer notre plus sinc\u00e8re gratitude pour votre [&hellip;]<\/p>","protected":false},"author":1,"featured_media":0,"parent":0,"menu_order":0,"comment_status":"closed","ping_status":"closed","template":"template-fullwidth.php","meta":{"footnotes":""},"class_list":["post-2962","page","type-page","status-publish","hentry"],"_links":{"self":[{"href":"https:\/\/jadara.ngo\/en\/wp-json\/wp\/v2\/pages\/2962","targetHints":{"allow":["GET"]}}],"collection":[{"href":"https:\/\/jadara.ngo\/en\/wp-json\/wp\/v2\/pages"}],"about":[{"href":"https:\/\/jadara.ngo\/en\/wp-json\/wp\/v2\/types\/page"}],"author":[{"embeddable":true,"href":"https:\/\/jadara.ngo\/en\/wp-json\/wp\/v2\/users\/1"}],"replies":[{"embeddable":true,"href":"https:\/\/jadara.ngo\/en\/wp-json\/wp\/v2\/comments?post=2962"}],"version-history":[{"count":64,"href":"https:\/\/jadara.ngo\/en\/wp-json\/wp\/v2\/pages\/2962\/revisions"}],"predecessor-version":[{"id":7944,"href":"https:\/\/jadara.ngo\/en\/wp-json\/wp\/v2\/pages\/2962\/revisions\/7944"}],"wp:attachment":[{"href":"https:\/\/jadara.ngo\/en\/wp-json\/wp\/v2\/media?parent=2962"}],"curies":[{"name":"wp","href":"https:\/\/api.w.org\/{rel}","templated":true}]}}