{"id":6648,"date":"2024-07-29T21:24:36","date_gmt":"2024-07-29T21:24:36","guid":{"rendered":"https:\/\/jadara.ngo\/?page_id=6648"},"modified":"2025-03-14T17:11:57","modified_gmt":"2025-03-14T17:11:57","slug":"briller-par-jadara","status":"publish","type":"page","link":"https:\/\/jadara.ngo\/en\/briller-par-jadara\/","title":{"rendered":"SHINE WITH JADARA"},"content":{"rendered":"<div data-elementor-type=\"wp-page\" data-elementor-id=\"6648\" class=\"elementor elementor-6648\" data-elementor-post-type=\"page\">\n\t\t\t\t\t\t<section class=\"elementor-section elementor-top-section elementor-element elementor-element-5efa309 elementor-section-boxed elementor-section-height-default elementor-section-height-default\" data-id=\"5efa309\" data-element_type=\"section\">\n\t\t\t\t\t\t<div class=\"elementor-container elementor-column-gap-custom\">\n\t\t\t\t\t<div class=\"elementor-column elementor-col-50 elementor-top-column elementor-element elementor-element-9b47c82\" data-id=\"9b47c82\" data-element_type=\"column\">\n\t\t\t<div class=\"elementor-widget-wrap elementor-element-populated\">\n\t\t\t\t\t\t<div class=\"elementor-element elementor-element-d54230c elementor-widget elementor-widget-image\" data-id=\"d54230c\" data-element_type=\"widget\" data-widget_type=\"image.default\">\n\t\t\t\t<div class=\"elementor-widget-container\">\n\t\t\t<style>\/*! elementor - v3.22.0 - 26-06-2024 *\/\n.elementor-widget-image{text-align:center}.elementor-widget-image a{display:inline-block}.elementor-widget-image a img[src$=\".svg\"]{width:48px}.elementor-widget-image img{vertical-align:middle;display:inline-block}<\/style>\t\t\t\t\t\t\t\t\t\t<img decoding=\"async\" width=\"200\" height=\"197\" src=\"https:\/\/jadara.ngo\/wp-content\/uploads\/2024\/07\/programme_4.png\" class=\"attachment-large size-large wp-image-6369\" alt=\"\" srcset=\"https:\/\/jadara.ngo\/wp-content\/uploads\/2024\/07\/programme_4.png 200w, https:\/\/jadara.ngo\/wp-content\/uploads\/2024\/07\/programme_4-100x100.png 100w\" sizes=\"(max-width: 200px) 100vw, 200px\" \/>\t\t\t\t\t\t\t\t\t\t\t\t\t<\/div>\n\t\t\t\t<\/div>\n\t\t\t\t\t<\/div>\n\t\t<\/div>\n\t\t\t\t<div class=\"elementor-column elementor-col-50 elementor-top-column elementor-element elementor-element-8a27390\" data-id=\"8a27390\" data-element_type=\"column\">\n\t\t\t<div class=\"elementor-widget-wrap elementor-element-populated\">\n\t\t\t\t\t\t<div class=\"elementor-element elementor-element-5fa14d1 elementor-widget__width-initial elementor-widget elementor-widget-risehand-title-v1\" data-id=\"5fa14d1\" data-element_type=\"widget\" data-widget_type=\"risehand-title-v1.default\">\n\t\t\t\t<div class=\"elementor-widget-container\">\n\t\t\t \r\n<div class=\"title_all_box style_one dark_color\">\r\n                                <h2 class=\"title_no_a_46  mb_0 pb_20\">\r\n                SHINE WITH JADARA\n            <\/h2>\r\n                            <p class=\"desc_p\">\r\n                <br><br>This pillar includes programs that promote young talent, aimed at opening alternative pathways for social mobility by highlighting the artistic, cultural, and sports skills of young individuals. The goal is to showcase their achievements and encourage them to share their passions with their community while providing them with the tools to succeed personally and professionally.            <\/p>\r\n            <\/div>\r\n\r\n\t\t<\/div>\n\t\t\t\t<\/div>\n\t\t\t\t\t<\/div>\n\t\t<\/div>\n\t\t\t\t\t<\/div>\n\t\t<\/section>\n\t\t\t\t<section class=\"elementor-section elementor-top-section elementor-element elementor-element-e6ec22b elementor-section-boxed elementor-section-height-default elementor-section-height-default\" data-id=\"e6ec22b\" data-element_type=\"section\">\n\t\t\t\t\t\t<div class=\"elementor-container elementor-column-gap-default\">\n\t\t\t\t\t<div class=\"elementor-column elementor-col-100 elementor-top-column elementor-element elementor-element-d546c1c\" data-id=\"d546c1c\" data-element_type=\"column\">\n\t\t\t<div class=\"elementor-widget-wrap elementor-element-populated\">\n\t\t\t\t\t\t<div class=\"elementor-element elementor-element-1f4777e elementor-widget elementor-widget-image-gallery\" data-id=\"1f4777e\" data-element_type=\"widget\" data-widget_type=\"image-gallery.default\">\n\t\t\t\t<div class=\"elementor-widget-container\">\n\t\t\t<style>\/*! elementor - v3.22.0 - 26-06-2024 *\/\n.elementor-image-gallery .gallery-item{display:inline-block;text-align:center;vertical-align:top;width:100%;max-width:100%;margin:0 auto}.elementor-image-gallery .gallery-item img{margin:0 auto}.elementor-image-gallery .gallery-item .gallery-caption{margin:0}.elementor-image-gallery figure img{display:block}.elementor-image-gallery figure figcaption{width:100%}.gallery-spacing-custom .elementor-image-gallery .gallery-icon{padding:0}@media (min-width:768px){.elementor-image-gallery .gallery-columns-2 .gallery-item{max-width:50%}.elementor-image-gallery .gallery-columns-3 .gallery-item{max-width:33.33%}.elementor-image-gallery .gallery-columns-4 .gallery-item{max-width:25%}.elementor-image-gallery .gallery-columns-5 .gallery-item{max-width:20%}.elementor-image-gallery .gallery-columns-6 .gallery-item{max-width:16.666%}.elementor-image-gallery .gallery-columns-7 .gallery-item{max-width:14.28%}.elementor-image-gallery .gallery-columns-8 .gallery-item{max-width:12.5%}.elementor-image-gallery .gallery-columns-9 .gallery-item{max-width:11.11%}.elementor-image-gallery .gallery-columns-10 .gallery-item{max-width:10%}}@media (min-width:480px) and (max-width:767px){.elementor-image-gallery .gallery.gallery-columns-2 .gallery-item,.elementor-image-gallery .gallery.gallery-columns-3 .gallery-item,.elementor-image-gallery .gallery.gallery-columns-4 .gallery-item,.elementor-image-gallery .gallery.gallery-columns-5 .gallery-item,.elementor-image-gallery .gallery.gallery-columns-6 .gallery-item,.elementor-image-gallery .gallery.gallery-columns-7 .gallery-item,.elementor-image-gallery .gallery.gallery-columns-8 .gallery-item,.elementor-image-gallery .gallery.gallery-columns-9 .gallery-item,.elementor-image-gallery .gallery.gallery-columns-10 .gallery-item{max-width:50%}}@media (max-width:479px){.elementor-image-gallery .gallery.gallery-columns-2 .gallery-item,.elementor-image-gallery .gallery.gallery-columns-3 .gallery-item,.elementor-image-gallery .gallery.gallery-columns-4 .gallery-item,.elementor-image-gallery .gallery.gallery-columns-5 .gallery-item,.elementor-image-gallery .gallery.gallery-columns-6 .gallery-item,.elementor-image-gallery .gallery.gallery-columns-7 .gallery-item,.elementor-image-gallery .gallery.gallery-columns-8 .gallery-item,.elementor-image-gallery .gallery.gallery-columns-9 .gallery-item,.elementor-image-gallery .gallery.gallery-columns-10 .gallery-item{max-width:100%}}<\/style>\t\t<div class=\"elementor-image-gallery\">\n\t\t\t\n\t\t<style type=\"text\/css\">\n\t\t\t#gallery-1 {\n\t\t\t\tmargin: auto;\n\t\t\t}\n\t\t\t#gallery-1 .gallery-item {\n\t\t\t\tfloat: left;\n\t\t\t\tmargin-top: 10px;\n\t\t\t\ttext-align: center;\n\t\t\t\twidth: 50%;\n\t\t\t}\n\t\t\t#gallery-1 img {\n\t\t\t\tborder: 2px solid #cfcfcf;\n\t\t\t}\n\t\t\t#gallery-1 .gallery-caption {\n\t\t\t\tmargin-left: 0;\n\t\t\t}\n\t\t\t\/* see gallery_shortcode() in wp-includes\/media.php *\/\n\t\t<\/style>\n\t\t<div id='gallery-1' class='gallery galleryid-6648 gallery-columns-2 gallery-size-woocommerce_single'><dl class='gallery-item'>\n\t\t\t<dt class='gallery-icon landscape'>\n\t\t\t\t<a data-elementor-open-lightbox=\"yes\" data-elementor-lightbox-slideshow=\"1f4777e\" data-elementor-lightbox-title=\"1\" data-e-action-hash=\"#elementor-action%3Aaction%3Dlightbox%26settings%3DeyJpZCI6ODA2NywidXJsIjoiaHR0cHM6XC9cL2phZGFyYS5uZ29cL3dwLWNvbnRlbnRcL3VwbG9hZHNcLzIwMjRcLzA4XC8xLnBuZyIsInNsaWRlc2hvdyI6IjFmNDc3N2UifQ%3D%3D\" href='https:\/\/jadara.ngo\/wp-content\/uploads\/2024\/08\/1.png'><img fetchpriority=\"high\" decoding=\"async\" width=\"600\" height=\"272\" src=\"https:\/\/jadara.ngo\/wp-content\/uploads\/2024\/08\/1-600x272.png\" class=\"attachment-woocommerce_single size-woocommerce_single\" alt=\"\"   \/><\/a>\n\t\t\t<\/dt><\/dl><dl class='gallery-item'>\n\t\t\t<dt class='gallery-icon landscape'>\n\t\t\t\t<a data-elementor-open-lightbox=\"yes\" data-elementor-lightbox-slideshow=\"1f4777e\" data-elementor-lightbox-title=\"2\" data-e-action-hash=\"#elementor-action%3Aaction%3Dlightbox%26settings%3DeyJpZCI6ODA2OCwidXJsIjoiaHR0cHM6XC9cL2phZGFyYS5uZ29cL3dwLWNvbnRlbnRcL3VwbG9hZHNcLzIwMjRcLzA4XC8yLTEucG5nIiwic2xpZGVzaG93IjoiMWY0Nzc3ZSJ9\" href='https:\/\/jadara.ngo\/wp-content\/uploads\/2024\/08\/2-1.png'><img decoding=\"async\" width=\"600\" height=\"272\" src=\"https:\/\/jadara.ngo\/wp-content\/uploads\/2024\/08\/2-1-600x272.png\" class=\"attachment-woocommerce_single size-woocommerce_single\" alt=\"\"   \/><\/a>\n\t\t\t<\/dt><\/dl><br style=\"clear: both\" \/>\n\t\t<\/div>\n\t\t<\/div>\n\t\t\t\t<\/div>\n\t\t\t\t<\/div>\n\t\t\t\t\t<\/div>\n\t\t<\/div>\n\t\t\t\t\t<\/div>\n\t\t<\/section>\n\t\t\t\t<\/div>","protected":false},"excerpt":{"rendered":"<p>BRILLER AVEC JADARA P\u00f4le regroupant des programmes de promotion des jeunes talents qui visent \u00e0 ouvrir des voies alternatives d&#8217;ascension sociale en mettant en lumi\u00e8re les comp\u00e9tences artistiques, culturelles et [&hellip;]<\/p>","protected":false},"author":1,"featured_media":0,"parent":0,"menu_order":0,"comment_status":"closed","ping_status":"closed","template":"template-fullwidth.php","meta":{"footnotes":""},"class_list":["post-6648","page","type-page","status-publish","hentry"],"_links":{"self":[{"href":"https:\/\/jadara.ngo\/en\/wp-json\/wp\/v2\/pages\/6648","targetHints":{"allow":["GET"]}}],"collection":[{"href":"https:\/\/jadara.ngo\/en\/wp-json\/wp\/v2\/pages"}],"about":[{"href":"https:\/\/jadara.ngo\/en\/wp-json\/wp\/v2\/types\/page"}],"author":[{"embeddable":true,"href":"https:\/\/jadara.ngo\/en\/wp-json\/wp\/v2\/users\/1"}],"replies":[{"embeddable":true,"href":"https:\/\/jadara.ngo\/en\/wp-json\/wp\/v2\/comments?post=6648"}],"version-history":[{"count":38,"href":"https:\/\/jadara.ngo\/en\/wp-json\/wp\/v2\/pages\/6648\/revisions"}],"predecessor-version":[{"id":8930,"href":"https:\/\/jadara.ngo\/en\/wp-json\/wp\/v2\/pages\/6648\/revisions\/8930"}],"wp:attachment":[{"href":"https:\/\/jadara.ngo\/en\/wp-json\/wp\/v2\/media?parent=6648"}],"curies":[{"name":"wp","href":"https:\/\/api.w.org\/{rel}","templated":true}]}}