{"id":6667,"date":"2024-07-29T21:39:56","date_gmt":"2024-07-29T21:39:56","guid":{"rendered":"https:\/\/jadara.ngo\/?page_id=6667"},"modified":"2025-03-14T16:58:18","modified_gmt":"2025-03-14T16:58:18","slug":"aller-plus-loin","status":"publish","type":"page","link":"https:\/\/jadara.ngo\/en\/aller-plus-loin\/","title":{"rendered":"GO FURTHER with JADARA"},"content":{"rendered":"<div data-elementor-type=\"wp-page\" data-elementor-id=\"6667\" class=\"elementor elementor-6667\" data-elementor-post-type=\"page\">\n\t\t\t\t\t\t<section class=\"elementor-section elementor-top-section elementor-element elementor-element-5efa309 elementor-section-boxed elementor-section-height-default elementor-section-height-default\" data-id=\"5efa309\" data-element_type=\"section\">\n\t\t\t\t\t\t<div class=\"elementor-container elementor-column-gap-custom\">\n\t\t\t\t\t<div class=\"elementor-column elementor-col-50 elementor-top-column elementor-element elementor-element-9b47c82\" data-id=\"9b47c82\" data-element_type=\"column\">\n\t\t\t<div class=\"elementor-widget-wrap elementor-element-populated\">\n\t\t\t\t\t\t<div class=\"elementor-element elementor-element-d54230c elementor-widget elementor-widget-image\" data-id=\"d54230c\" data-element_type=\"widget\" data-widget_type=\"image.default\">\n\t\t\t\t<div class=\"elementor-widget-container\">\n\t\t\t<style>\/*! elementor - v3.22.0 - 26-06-2024 *\/\n.elementor-widget-image{text-align:center}.elementor-widget-image a{display:inline-block}.elementor-widget-image a img[src$=\".svg\"]{width:48px}.elementor-widget-image img{vertical-align:middle;display:inline-block}<\/style>\t\t\t\t\t\t\t\t\t\t<img decoding=\"async\" width=\"200\" height=\"197\" src=\"https:\/\/jadara.ngo\/wp-content\/uploads\/2024\/07\/programme_2.png\" class=\"attachment-large size-large wp-image-6366\" alt=\"\" srcset=\"https:\/\/jadara.ngo\/wp-content\/uploads\/2024\/07\/programme_2.png 200w, https:\/\/jadara.ngo\/wp-content\/uploads\/2024\/07\/programme_2-100x100.png 100w\" sizes=\"(max-width: 200px) 100vw, 200px\" \/>\t\t\t\t\t\t\t\t\t\t\t\t\t<\/div>\n\t\t\t\t<\/div>\n\t\t\t\t\t<\/div>\n\t\t<\/div>\n\t\t\t\t<div class=\"elementor-column elementor-col-50 elementor-top-column elementor-element elementor-element-8a27390\" data-id=\"8a27390\" data-element_type=\"column\">\n\t\t\t<div class=\"elementor-widget-wrap elementor-element-populated\">\n\t\t\t\t\t\t<div class=\"elementor-element elementor-element-46847c8 elementor-widget__width-initial elementor-widget elementor-widget-risehand-title-v1\" data-id=\"46847c8\" data-element_type=\"widget\" data-widget_type=\"risehand-title-v1.default\">\n\t\t\t\t<div class=\"elementor-widget-container\">\n\t\t\t \r\n<div class=\"title_all_box style_one dark_color\">\r\n                                <h2 class=\"title_no_a_46  mb_0 pb_20\">\r\n                ALLER PLUS LOIN AVEC JADARA\n            <\/h2>\r\n                            <p class=\"desc_p\">\r\n                <br><br>This pillar encompasses coaching and mentoring programs specifically designed for young graduates who aspire to pursue higher education through scientific research or to start their own businesses. These programs go beyond traditional academic support by providing personalized and in-depth assistance to help young individuals achieve their professional and personal goals.            <\/p>\r\n            <\/div>\r\n\r\n\t\t<\/div>\n\t\t\t\t<\/div>\n\t\t\t\t\t<\/div>\n\t\t<\/div>\n\t\t\t\t\t<\/div>\n\t\t<\/section>\n\t\t\t\t<section class=\"elementor-section elementor-top-section elementor-element elementor-element-2e5355a elementor-section-boxed elementor-section-height-default elementor-section-height-default\" data-id=\"2e5355a\" data-element_type=\"section\">\n\t\t\t\t\t\t<div class=\"elementor-container elementor-column-gap-default\">\n\t\t\t\t\t<div class=\"elementor-column elementor-col-100 elementor-top-column elementor-element elementor-element-c38212e\" data-id=\"c38212e\" data-element_type=\"column\">\n\t\t\t<div class=\"elementor-widget-wrap elementor-element-populated\">\n\t\t\t\t\t\t<div class=\"elementor-element elementor-element-d1bb807 elementor-widget elementor-widget-image-gallery\" data-id=\"d1bb807\" data-element_type=\"widget\" data-widget_type=\"image-gallery.default\">\n\t\t\t\t<div class=\"elementor-widget-container\">\n\t\t\t<style>\/*! elementor - v3.22.0 - 26-06-2024 *\/\n.elementor-image-gallery .gallery-item{display:inline-block;text-align:center;vertical-align:top;width:100%;max-width:100%;margin:0 auto}.elementor-image-gallery .gallery-item img{margin:0 auto}.elementor-image-gallery .gallery-item .gallery-caption{margin:0}.elementor-image-gallery figure img{display:block}.elementor-image-gallery figure figcaption{width:100%}.gallery-spacing-custom .elementor-image-gallery .gallery-icon{padding:0}@media (min-width:768px){.elementor-image-gallery .gallery-columns-2 .gallery-item{max-width:50%}.elementor-image-gallery .gallery-columns-3 .gallery-item{max-width:33.33%}.elementor-image-gallery .gallery-columns-4 .gallery-item{max-width:25%}.elementor-image-gallery .gallery-columns-5 .gallery-item{max-width:20%}.elementor-image-gallery .gallery-columns-6 .gallery-item{max-width:16.666%}.elementor-image-gallery .gallery-columns-7 .gallery-item{max-width:14.28%}.elementor-image-gallery .gallery-columns-8 .gallery-item{max-width:12.5%}.elementor-image-gallery .gallery-columns-9 .gallery-item{max-width:11.11%}.elementor-image-gallery .gallery-columns-10 .gallery-item{max-width:10%}}@media (min-width:480px) and (max-width:767px){.elementor-image-gallery .gallery.gallery-columns-2 .gallery-item,.elementor-image-gallery .gallery.gallery-columns-3 .gallery-item,.elementor-image-gallery .gallery.gallery-columns-4 .gallery-item,.elementor-image-gallery .gallery.gallery-columns-5 .gallery-item,.elementor-image-gallery .gallery.gallery-columns-6 .gallery-item,.elementor-image-gallery .gallery.gallery-columns-7 .gallery-item,.elementor-image-gallery .gallery.gallery-columns-8 .gallery-item,.elementor-image-gallery .gallery.gallery-columns-9 .gallery-item,.elementor-image-gallery .gallery.gallery-columns-10 .gallery-item{max-width:50%}}@media (max-width:479px){.elementor-image-gallery .gallery.gallery-columns-2 .gallery-item,.elementor-image-gallery .gallery.gallery-columns-3 .gallery-item,.elementor-image-gallery .gallery.gallery-columns-4 .gallery-item,.elementor-image-gallery .gallery.gallery-columns-5 .gallery-item,.elementor-image-gallery .gallery.gallery-columns-6 .gallery-item,.elementor-image-gallery .gallery.gallery-columns-7 .gallery-item,.elementor-image-gallery .gallery.gallery-columns-8 .gallery-item,.elementor-image-gallery .gallery.gallery-columns-9 .gallery-item,.elementor-image-gallery .gallery.gallery-columns-10 .gallery-item{max-width:100%}}<\/style>\t\t<div class=\"elementor-image-gallery\">\n\t\t\t\n\t\t<style type=\"text\/css\">\n\t\t\t#gallery-1 {\n\t\t\t\tmargin: auto;\n\t\t\t}\n\t\t\t#gallery-1 .gallery-item {\n\t\t\t\tfloat: left;\n\t\t\t\tmargin-top: 10px;\n\t\t\t\ttext-align: center;\n\t\t\t\twidth: 25%;\n\t\t\t}\n\t\t\t#gallery-1 img {\n\t\t\t\tborder: 2px solid #cfcfcf;\n\t\t\t}\n\t\t\t#gallery-1 .gallery-caption {\n\t\t\t\tmargin-left: 0;\n\t\t\t}\n\t\t\t\/* see gallery_shortcode() in wp-includes\/media.php *\/\n\t\t<\/style>\n\t\t<div id='gallery-1' class='gallery galleryid-6667 gallery-columns-4 gallery-size-risehand-blog-image-570-570'><dl class='gallery-item'>\n\t\t\t<dt class='gallery-icon landscape'>\n\t\t\t\t<a data-elementor-open-lightbox=\"yes\" data-elementor-lightbox-slideshow=\"d1bb807\" data-elementor-lightbox-title=\"9J0A6425\" data-e-action-hash=\"#elementor-action%3Aaction%3Dlightbox%26settings%3DeyJpZCI6ODAzNiwidXJsIjoiaHR0cHM6XC9cL2phZGFyYS5uZ29cL3dwLWNvbnRlbnRcL3VwbG9hZHNcLzIwMjRcLzA4XC85SjBBNjQyNS0xLXNjYWxlZC5qcGciLCJzbGlkZXNob3ciOiJkMWJiODA3In0%3D\" href='https:\/\/jadara.ngo\/wp-content\/uploads\/2024\/08\/9J0A6425-1-scaled.jpg'><img fetchpriority=\"high\" decoding=\"async\" width=\"570\" height=\"570\" src=\"https:\/\/jadara.ngo\/wp-content\/uploads\/2024\/08\/9J0A6425-1-570x570.jpg\" class=\"attachment-risehand-blog-image-570-570 size-risehand-blog-image-570-570\" alt=\"\"   \/><\/a>\n\t\t\t<\/dt><\/dl><dl class='gallery-item'>\n\t\t\t<dt class='gallery-icon landscape'>\n\t\t\t\t<a data-elementor-open-lightbox=\"yes\" data-elementor-lightbox-slideshow=\"d1bb807\" data-elementor-lightbox-title=\"THBWW-00004\" data-e-action-hash=\"#elementor-action%3Aaction%3Dlightbox%26settings%3DeyJpZCI6ODAzOCwidXJsIjoiaHR0cHM6XC9cL2phZGFyYS5uZ29cL3dwLWNvbnRlbnRcL3VwbG9hZHNcLzIwMjRcLzA4XC9USEJXVy0wMDAwNC0yLXNjYWxlZC5qcGciLCJzbGlkZXNob3ciOiJkMWJiODA3In0%3D\" href='https:\/\/jadara.ngo\/wp-content\/uploads\/2024\/08\/THBWW-00004-2-scaled.jpg'><img decoding=\"async\" width=\"570\" height=\"570\" src=\"https:\/\/jadara.ngo\/wp-content\/uploads\/2024\/08\/THBWW-00004-2-570x570.jpg\" class=\"attachment-risehand-blog-image-570-570 size-risehand-blog-image-570-570\" alt=\"\"   \/><\/a>\n\t\t\t<\/dt><\/dl><dl class='gallery-item'>\n\t\t\t<dt class='gallery-icon landscape'>\n\t\t\t\t<a data-elementor-open-lightbox=\"yes\" data-elementor-lightbox-slideshow=\"d1bb807\" data-elementor-lightbox-title=\"THBWW-00043\" data-e-action-hash=\"#elementor-action%3Aaction%3Dlightbox%26settings%3DeyJpZCI6ODAzOSwidXJsIjoiaHR0cHM6XC9cL2phZGFyYS5uZ29cL3dwLWNvbnRlbnRcL3VwbG9hZHNcLzIwMjRcLzA4XC9USEJXVy0wMDA0My0xLXNjYWxlZC5qcGciLCJzbGlkZXNob3ciOiJkMWJiODA3In0%3D\" href='https:\/\/jadara.ngo\/wp-content\/uploads\/2024\/08\/THBWW-00043-1-scaled.jpg'><img loading=\"lazy\" decoding=\"async\" width=\"570\" height=\"570\" src=\"https:\/\/jadara.ngo\/wp-content\/uploads\/2024\/08\/THBWW-00043-1-570x570.jpg\" class=\"attachment-risehand-blog-image-570-570 size-risehand-blog-image-570-570\" alt=\"\"   \/><\/a>\n\t\t\t<\/dt><\/dl><dl class='gallery-item'>\n\t\t\t<dt class='gallery-icon landscape'>\n\t\t\t\t<a data-elementor-open-lightbox=\"yes\" data-elementor-lightbox-slideshow=\"d1bb807\" data-elementor-lightbox-title=\"THBWW-00055\" data-e-action-hash=\"#elementor-action%3Aaction%3Dlightbox%26settings%3DeyJpZCI6ODA0MCwidXJsIjoiaHR0cHM6XC9cL2phZGFyYS5uZ29cL3dwLWNvbnRlbnRcL3VwbG9hZHNcLzIwMjRcLzA4XC9USEJXVy0wMDA1NS1zY2FsZWQuanBnIiwic2xpZGVzaG93IjoiZDFiYjgwNyJ9\" href='https:\/\/jadara.ngo\/wp-content\/uploads\/2024\/08\/THBWW-00055-scaled.jpg'><img loading=\"lazy\" decoding=\"async\" width=\"570\" height=\"570\" src=\"https:\/\/jadara.ngo\/wp-content\/uploads\/2024\/08\/THBWW-00055-570x570.jpg\" class=\"attachment-risehand-blog-image-570-570 size-risehand-blog-image-570-570\" alt=\"\"   \/><\/a>\n\t\t\t<\/dt><\/dl><br style=\"clear: both\" \/>\n\t\t<\/div>\n\t\t<\/div>\n\t\t\t\t<\/div>\n\t\t\t\t<\/div>\n\t\t\t\t\t<\/div>\n\t\t<\/div>\n\t\t\t\t\t<\/div>\n\t\t<\/section>\n\t\t\t\t<\/div>","protected":false},"excerpt":{"rendered":"<p>ALLER PLUS LOIN AVEC JADARA P\u00f4le regroupant des programmes de coaching et de mentoring sp\u00e9cialement con\u00e7us pour les jeunes laur\u00e9ats qui aspirent \u00e0 compl\u00e9ter leurs \u00e9tudes sup\u00e9rieures par la recherche [&hellip;]<\/p>","protected":false},"author":1,"featured_media":0,"parent":0,"menu_order":0,"comment_status":"closed","ping_status":"closed","template":"template-fullwidth.php","meta":{"footnotes":""},"class_list":["post-6667","page","type-page","status-publish","hentry"],"_links":{"self":[{"href":"https:\/\/jadara.ngo\/en\/wp-json\/wp\/v2\/pages\/6667","targetHints":{"allow":["GET"]}}],"collection":[{"href":"https:\/\/jadara.ngo\/en\/wp-json\/wp\/v2\/pages"}],"about":[{"href":"https:\/\/jadara.ngo\/en\/wp-json\/wp\/v2\/types\/page"}],"author":[{"embeddable":true,"href":"https:\/\/jadara.ngo\/en\/wp-json\/wp\/v2\/users\/1"}],"replies":[{"embeddable":true,"href":"https:\/\/jadara.ngo\/en\/wp-json\/wp\/v2\/comments?post=6667"}],"version-history":[{"count":41,"href":"https:\/\/jadara.ngo\/en\/wp-json\/wp\/v2\/pages\/6667\/revisions"}],"predecessor-version":[{"id":8913,"href":"https:\/\/jadara.ngo\/en\/wp-json\/wp\/v2\/pages\/6667\/revisions\/8913"}],"wp:attachment":[{"href":"https:\/\/jadara.ngo\/en\/wp-json\/wp\/v2\/media?parent=6667"}],"curies":[{"name":"wp","href":"https:\/\/api.w.org\/{rel}","templated":true}]}}