{"id":7128,"date":"2024-08-08T19:17:12","date_gmt":"2024-08-08T19:17:12","guid":{"rendered":"https:\/\/jadara.ngo\/?page_id=7128"},"modified":"2024-08-08T19:17:12","modified_gmt":"2024-08-08T19:17:12","slug":"presentation","status":"publish","type":"page","link":"https:\/\/jadara.ngo\/en\/presentation\/","title":{"rendered":"Pr\u00e9sentation"},"content":{"rendered":"<div data-elementor-type=\"wp-page\" data-elementor-id=\"7128\" class=\"elementor elementor-7128\" data-elementor-post-type=\"page\">\n\t\t\t\t\t\t<section class=\"elementor-section elementor-top-section elementor-element elementor-element-3a17fc3 elementor-section-boxed elementor-section-height-default elementor-section-height-default\" data-id=\"3a17fc3\" data-element_type=\"section\" data-settings=\"{&quot;background_background&quot;:&quot;classic&quot;}\">\n\t\t\t\t\t\t<div class=\"elementor-container elementor-column-gap-default\">\n\t\t\t\t\t<div class=\"elementor-column elementor-col-25 elementor-top-column elementor-element elementor-element-29fd71c\" data-id=\"29fd71c\" data-element_type=\"column\">\n\t\t\t<div class=\"elementor-widget-wrap elementor-element-populated\">\n\t\t\t\t\t\t<div class=\"elementor-element elementor-element-18187c1 elementor-widget elementor-widget-image\" data-id=\"18187c1\" data-element_type=\"widget\" data-widget_type=\"image.default\">\n\t\t\t\t<div class=\"elementor-widget-container\">\n\t\t\t<style>\/*! elementor - v3.22.0 - 26-06-2024 *\/\n.elementor-widget-image{text-align:center}.elementor-widget-image a{display:inline-block}.elementor-widget-image a img[src$=\".svg\"]{width:48px}.elementor-widget-image img{vertical-align:middle;display:inline-block}<\/style>\t\t\t\t\t\t\t\t\t\t<img decoding=\"async\" src=\"https:\/\/jadara.ngo\/wp-content\/uploads\/2024\/08\/Nezha.jpeg\" title=\"Nezha\" alt=\"Nezha\" loading=\"lazy\" \/>\t\t\t\t\t\t\t\t\t\t\t\t\t<\/div>\n\t\t\t\t<\/div>\n\t\t\t\t<div class=\"elementor-element elementor-element-e9364bb elementor-widget__width-inherit elementor-widget elementor-widget-risehand-text-editor-v1\" data-id=\"e9364bb\" data-element_type=\"widget\" data-widget_type=\"risehand-text-editor-v1.default\">\n\t\t\t\t<div class=\"elementor-widget-container\">\n\t\t\t        <div class=\"position-relative position_p_relative\">\r\n                <p class=\"card-text fw-bold mb-0 pb-0 p\">Nezha HAKKO<\/p><p>First Beneficiary of Jadara<\/p><p style=\"font-size: 14px\">Senior Account Manager<\/p>            <\/div>\r\n        \t\t<\/div>\n\t\t\t\t<\/div>\n\t\t\t\t\t<\/div>\n\t\t<\/div>\n\t\t\t\t<div class=\"elementor-column elementor-col-25 elementor-top-column elementor-element elementor-element-ef6fe23 elementor-hidden-tablet elementor-hidden-mobile\" data-id=\"ef6fe23\" data-element_type=\"column\">\n\t\t\t<div class=\"elementor-widget-wrap\">\n\t\t\t\t\t\t\t<\/div>\n\t\t<\/div>\n\t\t\t\t<div class=\"elementor-column elementor-col-25 elementor-top-column elementor-element elementor-element-f81483f\" data-id=\"f81483f\" data-element_type=\"column\">\n\t\t\t<div class=\"elementor-widget-wrap elementor-element-populated\">\n\t\t\t\t\t\t<div class=\"elementor-element elementor-element-54caee8 elementor-widget__width-initial elementor-widget elementor-widget-risehand-title-v1\" data-id=\"54caee8\" data-element_type=\"widget\" data-widget_type=\"risehand-title-v1.default\">\n\t\t\t\t<div class=\"elementor-widget-container\">\n\t\t\t \r\n<div class=\"title_all_box style_one dark_color\">\r\n                                <h2 class=\"title_no_a_46  mb_0 pb_20\">\r\n                History JADARA FOUNDATION<br><br>            <\/h2>\r\n                            <p class=\"desc_p\">\r\n                Il y a pr\u00e8s de 22 ans, une jeune fille d\u00e9termin\u00e9e \u00e0 prendre son destin en main et \u00e0 poursuivre des \u00e9tudes \u00e0 la hauteur de son m\u00e9rite a franchi les portes d'une \u00e9cole priv\u00e9e avec une demande simple, mais audacieuse : obtenir une formation gratuite.Cette qu\u00eate de l\u2019\u00e9ducation, symbole d\u2019espoir et d\u2019opportunit\u00e9s, a touch\u00e9 un groupe d'amis qui ont \u00e9t\u00e9 inspir\u00e9s par sa pers\u00e9v\u00e9rance ind\u00e9fectible et sa volont\u00e9 de r\u00e9ussir malgr\u00e9 les obstacles financiers.<br><br> \nMoved by her ambition and resilience, these friends united around an idea that would change lives:<br> They founded Jadara Foundation (formerly known as the Moroccan Student Foundation - FME) in 2001. Their mission was clear:<br> To enable talented youth from underprivileged backgrounds to access quality education, giving them the chance to realize their dreams and build a better future.<br> <br> \nDepuis sa cr\u00e9ation, la fondation s'est engag\u00e9e \u00e0 r\u00e9pondre aux besoins \u00e9ducatifs de centaines de jeunes en leur fournissant des bourses d'\u00e9tudes, un accompagnement personnalis\u00e9 et des formations adapt\u00e9es. En utilisant le parcours inspirant de cette jeune fille comme catalyseur, JADARA s'est forg\u00e9 une r\u00e9putation d'organisation d\u00e9di\u00e9e \u00e0 l'\u00e9ducation, \u00e0 l'autonomisation des jeunes et \u00e0 la lutte contre l'exclusion socio-\u00e9conomique.            <\/p>\r\n            <\/div>\r\n\r\n\t\t<\/div>\n\t\t\t\t<\/div>\n\t\t\t\t<div class=\"elementor-element elementor-element-2fb28b0 elementor-widget elementor-widget-spacer\" data-id=\"2fb28b0\" data-element_type=\"widget\" data-widget_type=\"spacer.default\">\n\t\t\t\t<div class=\"elementor-widget-container\">\n\t\t\t<style>\/*! elementor - v3.22.0 - 26-06-2024 *\/\n.elementor-column .elementor-spacer-inner{height:var(--spacer-size)}.e-con{--container-widget-width:100%}.e-con-inner>.elementor-widget-spacer,.e-con>.elementor-widget-spacer{width:var(--container-widget-width,var(--spacer-size));--align-self:var(--container-widget-align-self,initial);--flex-shrink:0}.e-con-inner>.elementor-widget-spacer>.elementor-widget-container,.e-con>.elementor-widget-spacer>.elementor-widget-container{height:100%;width:100%}.e-con-inner>.elementor-widget-spacer>.elementor-widget-container>.elementor-spacer,.e-con>.elementor-widget-spacer>.elementor-widget-container>.elementor-spacer{height:100%}.e-con-inner>.elementor-widget-spacer>.elementor-widget-container>.elementor-spacer>.elementor-spacer-inner,.e-con>.elementor-widget-spacer>.elementor-widget-container>.elementor-spacer>.elementor-spacer-inner{height:var(--container-widget-height,var(--spacer-size))}.e-con-inner>.elementor-widget-spacer.elementor-widget-empty,.e-con>.elementor-widget-spacer.elementor-widget-empty{position:relative;min-height:22px;min-width:22px}.e-con-inner>.elementor-widget-spacer.elementor-widget-empty .elementor-widget-empty-icon,.e-con>.elementor-widget-spacer.elementor-widget-empty .elementor-widget-empty-icon{position:absolute;top:0;bottom:0;left:0;right:0;margin:auto;padding:0;width:22px;height:22px}<\/style>\t\t<div class=\"elementor-spacer\">\n\t\t\t<div class=\"elementor-spacer-inner\"><\/div>\n\t\t<\/div>\n\t\t\t\t<\/div>\n\t\t\t\t<\/div>\n\t\t\t\t\t<\/div>\n\t\t<\/div>\n\t\t\t\t<div class=\"elementor-column elementor-col-25 elementor-top-column elementor-element elementor-element-7e90300 elementor-hidden-tablet elementor-hidden-mobile\" data-id=\"7e90300\" data-element_type=\"column\">\n\t\t\t<div class=\"elementor-widget-wrap\">\n\t\t\t\t\t\t\t<\/div>\n\t\t<\/div>\n\t\t\t\t\t<\/div>\n\t\t<\/section>\n\t\t\t\t<section class=\"elementor-section elementor-top-section elementor-element elementor-element-c55dcd4 elementor-section-boxed elementor-section-height-default elementor-section-height-default\" data-id=\"c55dcd4\" data-element_type=\"section\">\n\t\t\t\t\t\t<div class=\"elementor-container elementor-column-gap-default\">\n\t\t\t\t\t<div class=\"elementor-column elementor-col-100 elementor-top-column elementor-element elementor-element-7908a43\" data-id=\"7908a43\" data-element_type=\"column\">\n\t\t\t<div class=\"elementor-widget-wrap elementor-element-populated\">\n\t\t\t\t\t\t<div class=\"elementor-element elementor-element-0a0caa5 elementor-widget__width-initial elementor-widget elementor-widget-risehand-title-v1\" data-id=\"0a0caa5\" data-element_type=\"widget\" data-widget_type=\"risehand-title-v1.default\">\n\t\t\t\t<div class=\"elementor-widget-container\">\n\t\t\t \r\n<div class=\"title_all_box style_one dark_color\">\r\n                                        <p class=\"desc_p\">\r\n                Le chemin parcouru au cours de ces deux derni\u00e8res d\u00e9cennies est impressionnant. Gr\u00e2ce au soutien de donateurs g\u00e9n\u00e9reux, de partenaires et d'une communaut\u00e9 engag\u00e9e, JADARA a pu \u00e9largir son impact et toucher un nombre croissant de jeunes. Aujourd'hui, la fondation continue de s'investir dans le d\u00e9veloppement des comp\u00e9tences et l'insertion professionnelle de la jeunesse marocaine, d\u00e9ployant des initiatives novatrices qui r\u00e9pondent aux d\u00e9fis actuels du march\u00e9 du travail.<br><br>\nAinsi, l'histoire de cette jeune fille qui a os\u00e9 demander de l'aide s'est transform\u00e9e en un mouvement collectif qui profite \u00e0 des milliers d'autres jeunes, prouvant que la solidarit\u00e9 et l'engagement communautaire peuvent v\u00e9ritablement changer des vies.            <\/p>\r\n            <\/div>\r\n\r\n\t\t<\/div>\n\t\t\t\t<\/div>\n\t\t\t\t\t<\/div>\n\t\t<\/div>\n\t\t\t\t\t<\/div>\n\t\t<\/section>\n\t\t\t\t<\/div>","protected":false},"excerpt":{"rendered":"<p>Nezha HAKKO Premi\u00e8re B\u00e9n\u00e9ficiaire de Jadara Senior Account Manager Histoire JADARA FONDATION Il y a pr\u00e8s de 22 ans, une jeune fille d\u00e9termin\u00e9e \u00e0 prendre son destin en main et [&hellip;]<\/p>","protected":false},"author":1,"featured_media":0,"parent":0,"menu_order":0,"comment_status":"closed","ping_status":"closed","template":"elementor_header_footer","meta":{"footnotes":""},"class_list":["post-7128","page","type-page","status-publish","hentry"],"_links":{"self":[{"href":"https:\/\/jadara.ngo\/en\/wp-json\/wp\/v2\/pages\/7128","targetHints":{"allow":["GET"]}}],"collection":[{"href":"https:\/\/jadara.ngo\/en\/wp-json\/wp\/v2\/pages"}],"about":[{"href":"https:\/\/jadara.ngo\/en\/wp-json\/wp\/v2\/types\/page"}],"author":[{"embeddable":true,"href":"https:\/\/jadara.ngo\/en\/wp-json\/wp\/v2\/users\/1"}],"replies":[{"embeddable":true,"href":"https:\/\/jadara.ngo\/en\/wp-json\/wp\/v2\/comments?post=7128"}],"version-history":[{"count":1,"href":"https:\/\/jadara.ngo\/en\/wp-json\/wp\/v2\/pages\/7128\/revisions"}],"predecessor-version":[{"id":7129,"href":"https:\/\/jadara.ngo\/en\/wp-json\/wp\/v2\/pages\/7128\/revisions\/7129"}],"wp:attachment":[{"href":"https:\/\/jadara.ngo\/en\/wp-json\/wp\/v2\/media?parent=7128"}],"curies":[{"name":"wp","href":"https:\/\/api.w.org\/{rel}","templated":true}]}}