{"id":7513,"date":"2024-08-09T13:44:11","date_gmt":"2024-08-09T13:44:11","guid":{"rendered":"https:\/\/jadara.ngo\/?page_id=7513"},"modified":"2025-07-28T10:02:18","modified_gmt":"2025-07-28T10:02:18","slug":"youth-empowerment-summit-y-e-s-africa","status":"publish","type":"page","link":"https:\/\/jadara.ngo\/en\/youth-empowerment-summit-y-e-s-africa\/","title":{"rendered":"Youth Empowerment Summit Y.E.S Africa"},"content":{"rendered":"<div data-elementor-type=\"wp-page\" data-elementor-id=\"7513\" class=\"elementor elementor-7513\" data-elementor-post-type=\"page\">\n\t\t\t\t\t\t<section class=\"elementor-section elementor-top-section elementor-element elementor-element-5efa309 elementor-section-boxed elementor-section-height-default elementor-section-height-default\" data-id=\"5efa309\" data-element_type=\"section\">\n\t\t\t\t\t\t<div class=\"elementor-container elementor-column-gap-custom\">\n\t\t\t\t\t<div class=\"elementor-column elementor-col-100 elementor-top-column elementor-element elementor-element-8a27390\" data-id=\"8a27390\" data-element_type=\"column\">\n\t\t\t<div class=\"elementor-widget-wrap elementor-element-populated\">\n\t\t\t\t\t\t<div class=\"elementor-element elementor-element-46847c8 elementor-widget__width-initial elementor-widget elementor-widget-risehand-title-v1\" data-id=\"46847c8\" data-element_type=\"widget\" data-widget_type=\"risehand-title-v1.default\">\n\t\t\t\t<div class=\"elementor-widget-container\">\n\t\t\t \r\n<div class=\"title_all_box style_one dark_color\">\r\n                                <h3 class=\"title_no_a_46  mb_0 pb_20\">\r\n                General Context             <\/h3>\r\n                            <p class=\"desc_p\">\r\n                <br>The world is currently experiencing its youngest demographic in history, with 1.2 billion individuals. Nearly 90% of young people live in developing countries, where they represent a significant portion of the population. As the global population of young people continues to rise, their empowerment becomes a cross-cutting and central issue for achieving the Sustainable Development Goals.<br><br>\n\nBy 2050, Africa is projected to have approximately three times as many working-age youth as China: 330 million compared to 120 million. However, this \"demographic dividend\" risks becoming a \"curse.\" According to experts, this demographic explosion could create a vast workforce of capable young individuals that could, on one hand, stimulate the continent\u2019s long-term economic growth while, on the other hand, posing enormous challenges for job creation.<br>\nIndeed, without a significant shift in public policies of African states and development aid strategies, philanthropic funding, and impact investments, the current rate of NEETs (Not in Education, Employment, or Training) among young people\u2014which stands at 20%\u2014is likely to exceed this threshold significantly. For instance, if this rate remains at 20%, by 2050, there will be a population of idle youth in Africa equivalent to the current population of France, totaling over 67 million.<br>\nWhile various African governments and actors in the Social and Solidarity Economy are implementing strategies to enhance youth empowerment, these efforts cannot scale to meet the challenge without substantial funding. Currently, development aid directed at Africa is estimated at $90 billion, according to OECD databases, distributed as follows: $75 billion from states and $15 billion from international NGOs.<br><br>\n\nIn parallel, Moody's estimates the volume of Social Impact Bond emissions at $250 billion, with Africa's share varying between 1% and 2%.<br>            <\/p>\r\n            <\/div>\r\n\r\n\t\t<\/div>\n\t\t\t\t<\/div>\n\t\t\t\t<div class=\"elementor-element elementor-element-89379f6 elementor-widget__width-initial elementor-widget elementor-widget-risehand-title-v1\" data-id=\"89379f6\" data-element_type=\"widget\" data-widget_type=\"risehand-title-v1.default\">\n\t\t\t\t<div class=\"elementor-widget-container\">\n\t\t\t \r\n<div class=\"title_all_box style_one dark_color\">\r\n                                <h2 class=\"title_no_a_46  mb_0 pb_20\">\r\n                GOALS            <\/h2>\r\n                            <p class=\"desc_p\">\r\n                <br>\n1. Build a network of African stakeholders and donors committed to the theme of economic empowerment of youth in Africa.  <br>\n2. Identify the opportunities, challenges, and potentials of the continent in terms of youth empowerment.  <br>\n3. Share best practices among African stakeholders committed to youth empowerment.  <br>\n4. Support African stakeholders in better structuring their youth empowerment projects or programs to increase their impact and ensure the funding for scaling them up. <br>\n5. Mobilize impact investors for African youth empowerment projects. <br>\n6. Support institutional and associative stakeholders engaged in favor of youth in raising funds. <br>\n7.\tTo produce a multilingual guide for stakeholders engaged in youth empowerment in Africa.            <\/p>\r\n            <\/div>\r\n\r\n\t\t<\/div>\n\t\t\t\t<\/div>\n\t\t\t\t<div class=\"elementor-element elementor-element-3b32c98 elementor-widget__width-initial elementor-widget elementor-widget-risehand-title-v1\" data-id=\"3b32c98\" data-element_type=\"widget\" data-widget_type=\"risehand-title-v1.default\">\n\t\t\t\t<div class=\"elementor-widget-container\">\n\t\t\t \r\n<div class=\"title_all_box style_one dark_color\">\r\n                                <h2 class=\"title_no_a_46  mb_0 pb_20\">\r\n                Partners\n\n            <\/h2>\r\n                            <p class=\"desc_p\">\r\n                <br>\nThe Pan-African Youth Union was founded under the name of the Pan-African Youth Movement on April 26, 1962, in Conakry, Guinea, at the initiative of heads of state, as a special vehicle aimed at mobilizing young people for the decolonization of Africa.\n\nThe movement played a strategic role in mobilizing political support for the independence of African states.\n\nAs a continental coordinating institution, the Pan-African Youth Union (UPJ) not only unites national youth councils and equivalent structures across the African continent but also brings together youth-led and youth-focused civil society organizations (CSOs), as well as regional platforms of the regional economic commissions.\n\nThe UPJ also works with ministries of youth and other development partners in African countries.\n\nSince 1962, the Union has strived to support and reinforce the values and ideals of the African Union (AU) in promoting unity, peace, democracy, sustainable development, and African integration, initially known as the Pan-African Youth Movement (MPJ).\n\nThe current structure of the Pan-African Youth Union (UPJ) is the result of a deep and rigorous transformation and revitalization of the MPJ, with the main goal of adapting to the evolving challenges facing young people, as well as those arising from the postcolonial political scene, while keeping in mind future challenges.            <\/p>\r\n            <\/div>\r\n\r\n\t\t<\/div>\n\t\t\t\t<\/div>\n\t\t\t\t<div class=\"elementor-element elementor-element-231f671 elementor-widget elementor-widget-image\" data-id=\"231f671\" data-element_type=\"widget\" data-widget_type=\"image.default\">\n\t\t\t\t<div class=\"elementor-widget-container\">\n\t\t\t<style>\/*! elementor - v3.22.0 - 26-06-2024 *\/\n.elementor-widget-image{text-align:center}.elementor-widget-image a{display:inline-block}.elementor-widget-image a img[src$=\".svg\"]{width:48px}.elementor-widget-image img{vertical-align:middle;display:inline-block}<\/style>\t\t\t\t\t\t\t\t\t\t<img fetchpriority=\"high\" decoding=\"async\" width=\"300\" height=\"252\" src=\"https:\/\/jadara.ngo\/wp-content\/uploads\/2025\/02\/PYU_logo-transparent-300x252-1.png\" class=\"attachment-large size-large wp-image-8555\" alt=\"\" srcset=\"https:\/\/jadara.ngo\/wp-content\/uploads\/2025\/02\/PYU_logo-transparent-300x252-1.png 300w, https:\/\/jadara.ngo\/wp-content\/uploads\/2025\/02\/PYU_logo-transparent-300x252-1-14x12.png 14w\" sizes=\"(max-width: 300px) 100vw, 300px\" \/>\t\t\t\t\t\t\t\t\t\t\t\t\t<\/div>\n\t\t\t\t<\/div>\n\t\t\t\t<div class=\"elementor-element elementor-element-9d3d438 elementor-widget__width-initial elementor-widget elementor-widget-risehand-title-v1\" data-id=\"9d3d438\" data-element_type=\"widget\" data-widget_type=\"risehand-title-v1.default\">\n\t\t\t\t<div class=\"elementor-widget-container\">\n\t\t\t \r\n<div class=\"title_all_box style_one dark_color\">\r\n                                <\/div>\r\n\r\n\t\t<\/div>\n\t\t\t\t<\/div>\n\t\t\t\t<div class=\"elementor-element elementor-element-c582fc9 elementor-widget elementor-widget-video\" data-id=\"c582fc9\" data-element_type=\"widget\" data-settings=\"{&quot;youtube_url&quot;:&quot;https:\\\/\\\/youtu.be\\\/zYkWkEbcTKc?si=bpJG87keiMeAYYmV&quot;,&quot;modestbranding&quot;:&quot;yes&quot;,&quot;video_type&quot;:&quot;youtube&quot;,&quot;controls&quot;:&quot;yes&quot;}\" data-widget_type=\"video.default\">\n\t\t\t\t<div class=\"elementor-widget-container\">\n\t\t\t<style>\/*! elementor - v3.22.0 - 26-06-2024 *\/\n.elementor-widget-video .elementor-widget-container{overflow:hidden;transform:translateZ(0)}.elementor-widget-video .elementor-wrapper{aspect-ratio:var(--video-aspect-ratio)}.elementor-widget-video .elementor-wrapper iframe,.elementor-widget-video .elementor-wrapper video{height:100%;width:100%;display:flex;border:none;background-color:#000}@supports not (aspect-ratio:1\/1){.elementor-widget-video .elementor-wrapper{position:relative;overflow:hidden;height:0;padding-bottom:calc(100% \/ var(--video-aspect-ratio))}.elementor-widget-video .elementor-wrapper iframe,.elementor-widget-video .elementor-wrapper video{position:absolute;top:0;right:0;bottom:0;left:0}}.elementor-widget-video .elementor-open-inline .elementor-custom-embed-image-overlay{position:absolute;top:0;right:0;bottom:0;left:0;background-size:cover;background-position:50%}.elementor-widget-video .elementor-custom-embed-image-overlay{cursor:pointer;text-align:center}.elementor-widget-video .elementor-custom-embed-image-overlay:hover .elementor-custom-embed-play i{opacity:1}.elementor-widget-video .elementor-custom-embed-image-overlay img{display:block;width:100%;aspect-ratio:var(--video-aspect-ratio);-o-object-fit:cover;object-fit:cover;-o-object-position:center center;object-position:center center}@supports not (aspect-ratio:1\/1){.elementor-widget-video .elementor-custom-embed-image-overlay{position:relative;overflow:hidden;height:0;padding-bottom:calc(100% \/ var(--video-aspect-ratio))}.elementor-widget-video .elementor-custom-embed-image-overlay img{position:absolute;top:0;right:0;bottom:0;left:0}}.elementor-widget-video .e-hosted-video .elementor-video{-o-object-fit:cover;object-fit:cover}.e-con-inner>.elementor-widget-video,.e-con>.elementor-widget-video{width:var(--container-widget-width);--flex-grow:var(--container-widget-flex-grow)}<\/style>\t\t<div class=\"elementor-wrapper elementor-open-inline\">\n\t\t\t<div class=\"elementor-video\"><\/div>\t\t<\/div>\n\t\t\t\t<\/div>\n\t\t\t\t<\/div>\n\t\t\t\t<div class=\"elementor-element elementor-element-b40f35d elementor-widget elementor-widget-video\" data-id=\"b40f35d\" data-element_type=\"widget\" data-settings=\"{&quot;youtube_url&quot;:&quot;https:\\\/\\\/youtu.be\\\/BDA35UdfWgw?si=MSlho_7UJ8YcmRQF&quot;,&quot;video_type&quot;:&quot;youtube&quot;,&quot;controls&quot;:&quot;yes&quot;}\" data-widget_type=\"video.default\">\n\t\t\t\t<div class=\"elementor-widget-container\">\n\t\t\t\t\t<div class=\"elementor-wrapper elementor-open-inline\">\n\t\t\t<div class=\"elementor-video\"><\/div>\t\t<\/div>\n\t\t\t\t<\/div>\n\t\t\t\t<\/div>\n\t\t\t\t\t<\/div>\n\t\t<\/div>\n\t\t\t\t\t<\/div>\n\t\t<\/section>\n\t\t\t\t<\/div>","protected":false},"excerpt":{"rendered":"<p>Contexte G\u00e9n\u00e9ral 1. Le monde conna\u00eet aujourd\u2019hui la d\u00e9mographie la plus jeune de son histoire, soit 1,2 milliard d\u2019individus. Pr\u00e8s de 90 % des jeunes vivent dans des pays en [&hellip;]<\/p>","protected":false},"author":1,"featured_media":0,"parent":0,"menu_order":0,"comment_status":"closed","ping_status":"closed","template":"template-fullwidth.php","meta":{"footnotes":""},"class_list":["post-7513","page","type-page","status-publish","hentry"],"_links":{"self":[{"href":"https:\/\/jadara.ngo\/en\/wp-json\/wp\/v2\/pages\/7513","targetHints":{"allow":["GET"]}}],"collection":[{"href":"https:\/\/jadara.ngo\/en\/wp-json\/wp\/v2\/pages"}],"about":[{"href":"https:\/\/jadara.ngo\/en\/wp-json\/wp\/v2\/types\/page"}],"author":[{"embeddable":true,"href":"https:\/\/jadara.ngo\/en\/wp-json\/wp\/v2\/users\/1"}],"replies":[{"embeddable":true,"href":"https:\/\/jadara.ngo\/en\/wp-json\/wp\/v2\/comments?post=7513"}],"version-history":[{"count":40,"href":"https:\/\/jadara.ngo\/en\/wp-json\/wp\/v2\/pages\/7513\/revisions"}],"predecessor-version":[{"id":9250,"href":"https:\/\/jadara.ngo\/en\/wp-json\/wp\/v2\/pages\/7513\/revisions\/9250"}],"wp:attachment":[{"href":"https:\/\/jadara.ngo\/en\/wp-json\/wp\/v2\/media?parent=7513"}],"curies":[{"name":"wp","href":"https:\/\/api.w.org\/{rel}","templated":true}]}}