{"id":7706,"date":"2024-08-10T12:36:00","date_gmt":"2024-08-10T12:36:00","guid":{"rendered":"https:\/\/jadara.ngo\/?page_id=7706"},"modified":"2024-08-10T13:04:17","modified_gmt":"2024-08-10T13:04:17","slug":"horizon-brillant","status":"publish","type":"page","link":"https:\/\/jadara.ngo\/en\/horizon-brillant\/","title":{"rendered":"Horizon Brillant"},"content":{"rendered":"<div data-elementor-type=\"wp-page\" data-elementor-id=\"7706\" class=\"elementor elementor-7706\" data-elementor-post-type=\"page\">\n\t\t\t\t\t\t<section class=\"elementor-section elementor-top-section elementor-element elementor-element-5efa309 elementor-section-boxed elementor-section-height-default elementor-section-height-default\" data-id=\"5efa309\" data-element_type=\"section\">\n\t\t\t\t\t\t<div class=\"elementor-container elementor-column-gap-custom\">\n\t\t\t\t\t<div class=\"elementor-column elementor-col-100 elementor-top-column elementor-element elementor-element-8a27390\" data-id=\"8a27390\" data-element_type=\"column\">\n\t\t\t<div class=\"elementor-widget-wrap elementor-element-populated\">\n\t\t\t\t\t\t<div class=\"elementor-element elementor-element-46847c8 elementor-widget__width-initial elementor-widget elementor-widget-risehand-title-v1\" data-id=\"46847c8\" data-element_type=\"widget\" data-widget_type=\"risehand-title-v1.default\">\n\t\t\t\t<div class=\"elementor-widget-container\">\n\t\t\t \r\n<div class=\"title_all_box style_one dark_color\">\r\n                                <h2 class=\"title_no_a_46  mb_0 pb_20\">\r\n                GOALS              <\/h2>\r\n                            <p class=\"desc_p\">\r\n                <br>1. Enhance the personal development of young individuals.<br>\n2. Foster an entrepreneurial spirit and strengthen employability skills.<br>\n3. Provide practical experience through company visits.<br>\n4. Promote well-being and personal growth through art therapy and board games.            <\/p>\r\n            <\/div>\r\n\r\n\t\t<\/div>\n\t\t\t\t<\/div>\n\t\t\t\t\t<\/div>\n\t\t<\/div>\n\t\t\t\t\t<\/div>\n\t\t<\/section>\n\t\t\t\t<section class=\"elementor-section elementor-top-section elementor-element elementor-element-ae7d14b elementor-section-boxed elementor-section-height-default elementor-section-height-default\" data-id=\"ae7d14b\" data-element_type=\"section\">\n\t\t\t\t\t\t<div class=\"elementor-container elementor-column-gap-default\">\n\t\t\t\t\t<div class=\"elementor-column elementor-col-100 elementor-top-column elementor-element elementor-element-52c4635\" data-id=\"52c4635\" data-element_type=\"column\">\n\t\t\t<div class=\"elementor-widget-wrap elementor-element-populated\">\n\t\t\t\t\t\t<div class=\"elementor-element elementor-element-c7baf70 gallery-spacing-custom elementor-widget elementor-widget-image-gallery\" data-id=\"c7baf70\" data-element_type=\"widget\" data-widget_type=\"image-gallery.default\">\n\t\t\t\t<div class=\"elementor-widget-container\">\n\t\t\t<style>\/*! elementor - v3.22.0 - 26-06-2024 *\/\n.elementor-image-gallery .gallery-item{display:inline-block;text-align:center;vertical-align:top;width:100%;max-width:100%;margin:0 auto}.elementor-image-gallery .gallery-item img{margin:0 auto}.elementor-image-gallery .gallery-item .gallery-caption{margin:0}.elementor-image-gallery figure img{display:block}.elementor-image-gallery figure figcaption{width:100%}.gallery-spacing-custom .elementor-image-gallery .gallery-icon{padding:0}@media (min-width:768px){.elementor-image-gallery .gallery-columns-2 .gallery-item{max-width:50%}.elementor-image-gallery .gallery-columns-3 .gallery-item{max-width:33.33%}.elementor-image-gallery .gallery-columns-4 .gallery-item{max-width:25%}.elementor-image-gallery .gallery-columns-5 .gallery-item{max-width:20%}.elementor-image-gallery .gallery-columns-6 .gallery-item{max-width:16.666%}.elementor-image-gallery .gallery-columns-7 .gallery-item{max-width:14.28%}.elementor-image-gallery .gallery-columns-8 .gallery-item{max-width:12.5%}.elementor-image-gallery .gallery-columns-9 .gallery-item{max-width:11.11%}.elementor-image-gallery .gallery-columns-10 .gallery-item{max-width:10%}}@media (min-width:480px) and (max-width:767px){.elementor-image-gallery .gallery.gallery-columns-2 .gallery-item,.elementor-image-gallery .gallery.gallery-columns-3 .gallery-item,.elementor-image-gallery .gallery.gallery-columns-4 .gallery-item,.elementor-image-gallery .gallery.gallery-columns-5 .gallery-item,.elementor-image-gallery .gallery.gallery-columns-6 .gallery-item,.elementor-image-gallery .gallery.gallery-columns-7 .gallery-item,.elementor-image-gallery .gallery.gallery-columns-8 .gallery-item,.elementor-image-gallery .gallery.gallery-columns-9 .gallery-item,.elementor-image-gallery .gallery.gallery-columns-10 .gallery-item{max-width:50%}}@media (max-width:479px){.elementor-image-gallery .gallery.gallery-columns-2 .gallery-item,.elementor-image-gallery .gallery.gallery-columns-3 .gallery-item,.elementor-image-gallery .gallery.gallery-columns-4 .gallery-item,.elementor-image-gallery .gallery.gallery-columns-5 .gallery-item,.elementor-image-gallery .gallery.gallery-columns-6 .gallery-item,.elementor-image-gallery .gallery.gallery-columns-7 .gallery-item,.elementor-image-gallery .gallery.gallery-columns-8 .gallery-item,.elementor-image-gallery .gallery.gallery-columns-9 .gallery-item,.elementor-image-gallery .gallery.gallery-columns-10 .gallery-item{max-width:100%}}<\/style>\t\t<div class=\"elementor-image-gallery\">\n\t\t\t\n\t\t<style type=\"text\/css\">\n\t\t\t#gallery-1 {\n\t\t\t\tmargin: auto;\n\t\t\t}\n\t\t\t#gallery-1 .gallery-item {\n\t\t\t\tfloat: left;\n\t\t\t\tmargin-top: 10px;\n\t\t\t\ttext-align: center;\n\t\t\t\twidth: 25%;\n\t\t\t}\n\t\t\t#gallery-1 img {\n\t\t\t\tborder: 2px solid #cfcfcf;\n\t\t\t}\n\t\t\t#gallery-1 .gallery-caption {\n\t\t\t\tmargin-left: 0;\n\t\t\t}\n\t\t\t\/* see gallery_shortcode() in wp-includes\/media.php *\/\n\t\t<\/style>\n\t\t<div id='gallery-1' class='gallery galleryid-7706 gallery-columns-4 gallery-size-2048x2048'><dl class='gallery-item'>\n\t\t\t<dt class='gallery-icon landscape'>\n\t\t\t\t<a data-elementor-open-lightbox=\"yes\" data-elementor-lightbox-slideshow=\"c7baf70\" data-elementor-lightbox-title=\"IMG_6923\" data-e-action-hash=\"#elementor-action%3Aaction%3Dlightbox%26settings%3DeyJpZCI6NzYzOSwidXJsIjoiaHR0cHM6XC9cL2phZGFyYS5uZ29cL3dwLWNvbnRlbnRcL3VwbG9hZHNcLzIwMjRcLzA4XC9JTUdfNjkyMy1zY2FsZWQuanBnIiwic2xpZGVzaG93IjoiYzdiYWY3MCJ9\" href='https:\/\/jadara.ngo\/wp-content\/uploads\/2024\/08\/IMG_6923-scaled.jpg'><img fetchpriority=\"high\" decoding=\"async\" width=\"2048\" height=\"1386\" src=\"https:\/\/jadara.ngo\/wp-content\/uploads\/2024\/08\/IMG_6923-2048x1386.jpg\" class=\"attachment-2048x2048 size-2048x2048\" alt=\"\"   \/><\/a>\n\t\t\t<\/dt><\/dl><dl class='gallery-item'>\n\t\t\t<dt class='gallery-icon landscape'>\n\t\t\t\t<a data-elementor-open-lightbox=\"yes\" data-elementor-lightbox-slideshow=\"c7baf70\" data-elementor-lightbox-title=\"IMG_6948\" data-e-action-hash=\"#elementor-action%3Aaction%3Dlightbox%26settings%3DeyJpZCI6NzYzOCwidXJsIjoiaHR0cHM6XC9cL2phZGFyYS5uZ29cL3dwLWNvbnRlbnRcL3VwbG9hZHNcLzIwMjRcLzA4XC9JTUdfNjk0OC1zY2FsZWQuanBnIiwic2xpZGVzaG93IjoiYzdiYWY3MCJ9\" href='https:\/\/jadara.ngo\/wp-content\/uploads\/2024\/08\/IMG_6948-scaled.jpg'><img decoding=\"async\" width=\"2048\" height=\"1365\" src=\"https:\/\/jadara.ngo\/wp-content\/uploads\/2024\/08\/IMG_6948-2048x1365.jpg\" class=\"attachment-2048x2048 size-2048x2048\" alt=\"\"   \/><\/a>\n\t\t\t<\/dt><\/dl><dl class='gallery-item'>\n\t\t\t<dt class='gallery-icon landscape'>\n\t\t\t\t<a data-elementor-open-lightbox=\"yes\" data-elementor-lightbox-slideshow=\"c7baf70\" data-elementor-lightbox-title=\"IMG_5918\" data-e-action-hash=\"#elementor-action%3Aaction%3Dlightbox%26settings%3DeyJpZCI6NzYzMywidXJsIjoiaHR0cHM6XC9cL2phZGFyYS5uZ29cL3dwLWNvbnRlbnRcL3VwbG9hZHNcLzIwMjRcLzA4XC9JTUdfNTkxOC1zY2FsZWQuanBnIiwic2xpZGVzaG93IjoiYzdiYWY3MCJ9\" href='https:\/\/jadara.ngo\/wp-content\/uploads\/2024\/08\/IMG_5918-scaled.jpg'><img decoding=\"async\" width=\"2048\" height=\"1366\" src=\"https:\/\/jadara.ngo\/wp-content\/uploads\/2024\/08\/IMG_5918-2048x1366.jpg\" class=\"attachment-2048x2048 size-2048x2048\" alt=\"\"   \/><\/a>\n\t\t\t<\/dt><\/dl><dl class='gallery-item'>\n\t\t\t<dt class='gallery-icon landscape'>\n\t\t\t\t<a data-elementor-open-lightbox=\"yes\" data-elementor-lightbox-slideshow=\"c7baf70\" data-elementor-lightbox-title=\"IMG_5927\" data-e-action-hash=\"#elementor-action%3Aaction%3Dlightbox%26settings%3DeyJpZCI6NzYzNCwidXJsIjoiaHR0cHM6XC9cL2phZGFyYS5uZ29cL3dwLWNvbnRlbnRcL3VwbG9hZHNcLzIwMjRcLzA4XC9JTUdfNTkyNy1zY2FsZWQuanBnIiwic2xpZGVzaG93IjoiYzdiYWY3MCJ9\" href='https:\/\/jadara.ngo\/wp-content\/uploads\/2024\/08\/IMG_5927-scaled.jpg'><img loading=\"lazy\" decoding=\"async\" width=\"2048\" height=\"1366\" src=\"https:\/\/jadara.ngo\/wp-content\/uploads\/2024\/08\/IMG_5927-2048x1366.jpg\" class=\"attachment-2048x2048 size-2048x2048\" alt=\"\"   \/><\/a>\n\t\t\t<\/dt><\/dl><br style=\"clear: both\" \/><dl class='gallery-item'>\n\t\t\t<dt class='gallery-icon landscape'>\n\t\t\t\t<a data-elementor-open-lightbox=\"yes\" data-elementor-lightbox-slideshow=\"c7baf70\" data-elementor-lightbox-title=\"IMG_6959\" data-e-action-hash=\"#elementor-action%3Aaction%3Dlightbox%26settings%3DeyJpZCI6NzYzNSwidXJsIjoiaHR0cHM6XC9cL2phZGFyYS5uZ29cL3dwLWNvbnRlbnRcL3VwbG9hZHNcLzIwMjRcLzA4XC9JTUdfNjk1OS1zY2FsZWQuanBnIiwic2xpZGVzaG93IjoiYzdiYWY3MCJ9\" href='https:\/\/jadara.ngo\/wp-content\/uploads\/2024\/08\/IMG_6959-scaled.jpg'><img loading=\"lazy\" decoding=\"async\" width=\"2048\" height=\"1365\" src=\"https:\/\/jadara.ngo\/wp-content\/uploads\/2024\/08\/IMG_6959-2048x1365.jpg\" class=\"attachment-2048x2048 size-2048x2048\" alt=\"\"   \/><\/a>\n\t\t\t<\/dt><\/dl><dl class='gallery-item'>\n\t\t\t<dt class='gallery-icon landscape'>\n\t\t\t\t<a data-elementor-open-lightbox=\"yes\" data-elementor-lightbox-slideshow=\"c7baf70\" data-elementor-lightbox-title=\"IMG_6963 (3)\" data-e-action-hash=\"#elementor-action%3Aaction%3Dlightbox%26settings%3DeyJpZCI6NzYzNiwidXJsIjoiaHR0cHM6XC9cL2phZGFyYS5uZ29cL3dwLWNvbnRlbnRcL3VwbG9hZHNcLzIwMjRcLzA4XC9JTUdfNjk2My0zLXNjYWxlZC5qcGciLCJzbGlkZXNob3ciOiJjN2JhZjcwIn0%3D\" href='https:\/\/jadara.ngo\/wp-content\/uploads\/2024\/08\/IMG_6963-3-scaled.jpg'><img loading=\"lazy\" decoding=\"async\" width=\"2048\" height=\"1300\" src=\"https:\/\/jadara.ngo\/wp-content\/uploads\/2024\/08\/IMG_6963-3-2048x1300.jpg\" class=\"attachment-2048x2048 size-2048x2048\" alt=\"\"   \/><\/a>\n\t\t\t<\/dt><\/dl><dl class='gallery-item'>\n\t\t\t<dt class='gallery-icon landscape'>\n\t\t\t\t<a data-elementor-open-lightbox=\"yes\" data-elementor-lightbox-slideshow=\"c7baf70\" data-elementor-lightbox-title=\"IMG_6953\" data-e-action-hash=\"#elementor-action%3Aaction%3Dlightbox%26settings%3DeyJpZCI6NzYzNywidXJsIjoiaHR0cHM6XC9cL2phZGFyYS5uZ29cL3dwLWNvbnRlbnRcL3VwbG9hZHNcLzIwMjRcLzA4XC9JTUdfNjk1My1zY2FsZWQuanBnIiwic2xpZGVzaG93IjoiYzdiYWY3MCJ9\" href='https:\/\/jadara.ngo\/wp-content\/uploads\/2024\/08\/IMG_6953-scaled.jpg'><img loading=\"lazy\" decoding=\"async\" width=\"2048\" height=\"1365\" src=\"https:\/\/jadara.ngo\/wp-content\/uploads\/2024\/08\/IMG_6953-2048x1365.jpg\" class=\"attachment-2048x2048 size-2048x2048\" alt=\"\"   \/><\/a>\n\t\t\t<\/dt><\/dl>\n\t\t\t<br style='clear: both' \/>\n\t\t<\/div>\n\t\t<\/div>\n\t\t\t\t<\/div>\n\t\t\t\t<\/div>\n\t\t\t\t\t<\/div>\n\t\t<\/div>\n\t\t\t\t\t<\/div>\n\t\t<\/section>\n\t\t\t\t<\/div>","protected":false},"excerpt":{"rendered":"<p>Objectifs 1. Renforcer le d\u00e9veloppement personnel des jeunes . 2. Favoriser l\u2019esprit entrepreneurial et renforcer les comp\u00e9tences en employabilit\u00e9 . 3. Offrir une exp\u00e9rience pratique gr\u00e2ce \u00e0 des visites d&#8217;entreprises [&hellip;]<\/p>","protected":false},"author":1,"featured_media":0,"parent":0,"menu_order":0,"comment_status":"closed","ping_status":"closed","template":"template-fullwidth.php","meta":{"footnotes":""},"class_list":["post-7706","page","type-page","status-publish","hentry"],"_links":{"self":[{"href":"https:\/\/jadara.ngo\/en\/wp-json\/wp\/v2\/pages\/7706","targetHints":{"allow":["GET"]}}],"collection":[{"href":"https:\/\/jadara.ngo\/en\/wp-json\/wp\/v2\/pages"}],"about":[{"href":"https:\/\/jadara.ngo\/en\/wp-json\/wp\/v2\/types\/page"}],"author":[{"embeddable":true,"href":"https:\/\/jadara.ngo\/en\/wp-json\/wp\/v2\/users\/1"}],"replies":[{"embeddable":true,"href":"https:\/\/jadara.ngo\/en\/wp-json\/wp\/v2\/comments?post=7706"}],"version-history":[{"count":8,"href":"https:\/\/jadara.ngo\/en\/wp-json\/wp\/v2\/pages\/7706\/revisions"}],"predecessor-version":[{"id":7719,"href":"https:\/\/jadara.ngo\/en\/wp-json\/wp\/v2\/pages\/7706\/revisions\/7719"}],"wp:attachment":[{"href":"https:\/\/jadara.ngo\/en\/wp-json\/wp\/v2\/media?parent=7706"}],"curies":[{"name":"wp","href":"https:\/\/api.w.org\/{rel}","templated":true}]}}