{"id":8714,"date":"2025-02-19T00:17:57","date_gmt":"2025-02-19T00:17:57","guid":{"rendered":"https:\/\/jadara.ngo\/?page_id=8714"},"modified":"2025-02-19T00:20:47","modified_gmt":"2025-02-19T00:20:47","slug":"conditions-generales-des-donations","status":"publish","type":"page","link":"https:\/\/jadara.ngo\/en\/conditions-generales-des-donations\/","title":{"rendered":"CONDITIONS GENERALES DES DONATIONS"},"content":{"rendered":"<div data-elementor-type=\"wp-page\" data-elementor-id=\"8714\" class=\"elementor elementor-8714\" data-elementor-post-type=\"page\">\n\t\t\t\t\t\t<section class=\"elementor-section elementor-top-section elementor-element elementor-element-393d26f elementor-section-boxed elementor-section-height-default elementor-section-height-default\" data-id=\"393d26f\" data-element_type=\"section\">\n\t\t\t\t\t\t<div class=\"elementor-container elementor-column-gap-default\">\n\t\t\t\t\t<div class=\"elementor-column elementor-col-100 elementor-top-column elementor-element elementor-element-9e76b22\" data-id=\"9e76b22\" data-element_type=\"column\">\n\t\t\t<div class=\"elementor-widget-wrap elementor-element-populated\">\n\t\t\t\t\t\t<div class=\"elementor-element elementor-element-c355720 elementor-widget elementor-widget-text-editor\" data-id=\"c355720\" data-element_type=\"widget\" data-widget_type=\"text-editor.default\">\n\t\t\t\t<div class=\"elementor-widget-container\">\n\t\t\t<style>\/*! elementor - v3.22.0 - 26-06-2024 *\/\n.elementor-widget-text-editor.elementor-drop-cap-view-stacked .elementor-drop-cap{background-color:#69727d;color:#fff}.elementor-widget-text-editor.elementor-drop-cap-view-framed .elementor-drop-cap{color:#69727d;border:3px solid;background-color:transparent}.elementor-widget-text-editor:not(.elementor-drop-cap-view-default) .elementor-drop-cap{margin-top:8px}.elementor-widget-text-editor:not(.elementor-drop-cap-view-default) .elementor-drop-cap-letter{width:1em;height:1em}.elementor-widget-text-editor .elementor-drop-cap{float:left;text-align:center;line-height:1;font-size:50px}.elementor-widget-text-editor .elementor-drop-cap-letter{display:inline-block}<\/style>\t\t\t\t<div class=\"text-center\"><p class=\"text-dark\">Vous venez de vous connecter sur le site de Jadara Foundation et nous vous remercions de l&#8217;int\u00e9r\u00eat que vous portez \u00e0 nos actions.<\/p><p class=\"text-dark\">Nous vous invitons \u00e0 lire attentivement les dispositions qui vont suivre car elles vous pr\u00e9sentent les conditions g\u00e9n\u00e9rales des dons pour Jadara Foundation.<\/p><p class=\"text-dark\">Le \u00ab clic \u00bb que vous ex\u00e9cuterez apr\u00e8s avoir rempli votre bon de paiement constitue la validation de votre don et vaudra acceptation irr\u00e9vocable des pr\u00e9sentes conditions g\u00e9n\u00e9rales.<\/p><p class=\"text-dark\">En cons\u00e9quence, vous ne pouvez faire un don que si vous acceptez les conditions pr\u00e9vues cidessous.<\/p><p class=\"text-dark fw-bold h5\">1. Pr\u00e9ambule<\/p><p class=\"text-dark\">Les conditions g\u00e9n\u00e9rales de donation suivantes r\u00e9gissent l&#8217;ensemble des transactions \u00e9tablies sur le site web de Jadara Foundation. Tout don pass\u00e9 sur ce site suppose du donateur l&#8217;acceptation inconditionnelle et irr\u00e9vocable de ces conditions.<\/p><p class=\"text-dark fw-bold h5\">2. Objet<\/p><p class=\"text-dark\">Le pr\u00e9sent contrat est un contrat \u00e0 distance qui a pour objet de d\u00e9finir les droits et obligations des parties dans le cadre des dons pour Jadara Foundation sur Internet, par l&#8217;interm\u00e9diaire de la plateforme.<\/p><p class=\"text-dark fw-bold h5\">3. Mode de paiement<\/p><p class=\"text-dark\">Pour r\u00e9gler votre don, vous choisissez le moyen de paiement parmi ceux propos\u00e9s par Jadara Foundation au niveau de la page de paiement.<\/p><p class=\"text-dark\">Dans ce cas, la remise de la transaction pour d\u00e9bit de votre compte est effectu\u00e9e dans la journ\u00e9e qui suit la date de la confirmation de la transaction.<\/p><p class=\"text-dark\">Vos paiements Multi-canaux sont s\u00e9curis\u00e9s par le Centre Mon\u00e9tique Interbancaire (CMI) qui offre un service de paiement enti\u00e8rement s\u00e9curis\u00e9.<\/p><p class=\"text-dark\">Le Donateur garantit Jadara Foundation qu&#8217;il dispose des autorisations \u00e9ventuellement n\u00e9cessaires pour utiliser le mode de paiement choisi par lui, lors de la validation du Bon de commande.<\/p><p class=\"text-dark\">En cas de paiement par carte bancaire, les dispositions relatives \u00e0 l&#8217;utilisation frauduleuse du moyen de paiement pr\u00e9vues dans les conventions conclues entre le Donateur et l&#8217;\u00e9metteur de la carte entre Jadara Foundation et son \u00e9tablissement bancaire s&#8217;appliquent.<\/p><p class=\"text-dark fw-bold h5\">4. Preuve de transactions pay\u00e9es par carte bancaire<\/p><p class=\"text-dark\">Les donn\u00e9es enregistr\u00e9es par le CMI sur la plate-forme de paiement Multi-canal pour le compte de Jadara Foundation constituent la preuve de l&#8217;ensemble des transactions commerciales pass\u00e9es entre vous et Jadara Foundation<\/p><\/div>\t\t\t\t\t\t<\/div>\n\t\t\t\t<\/div>\n\t\t\t\t\t<\/div>\n\t\t<\/div>\n\t\t\t\t\t<\/div>\n\t\t<\/section>\n\t\t\t\t<\/div>","protected":false},"excerpt":{"rendered":"<p>Vous venez de vous connecter sur le site de Jadara Foundation et nous vous remercions de l&#8217;int\u00e9r\u00eat que vous portez \u00e0 nos actions. Nous vous invitons \u00e0 lire attentivement les [&hellip;]<\/p>","protected":false},"author":1,"featured_media":0,"parent":0,"menu_order":0,"comment_status":"closed","ping_status":"closed","template":"template-fullwidth.php","meta":{"footnotes":""},"class_list":["post-8714","page","type-page","status-publish","hentry"],"_links":{"self":[{"href":"https:\/\/jadara.ngo\/en\/wp-json\/wp\/v2\/pages\/8714","targetHints":{"allow":["GET"]}}],"collection":[{"href":"https:\/\/jadara.ngo\/en\/wp-json\/wp\/v2\/pages"}],"about":[{"href":"https:\/\/jadara.ngo\/en\/wp-json\/wp\/v2\/types\/page"}],"author":[{"embeddable":true,"href":"https:\/\/jadara.ngo\/en\/wp-json\/wp\/v2\/users\/1"}],"replies":[{"embeddable":true,"href":"https:\/\/jadara.ngo\/en\/wp-json\/wp\/v2\/comments?post=8714"}],"version-history":[{"count":5,"href":"https:\/\/jadara.ngo\/en\/wp-json\/wp\/v2\/pages\/8714\/revisions"}],"predecessor-version":[{"id":8720,"href":"https:\/\/jadara.ngo\/en\/wp-json\/wp\/v2\/pages\/8714\/revisions\/8720"}],"wp:attachment":[{"href":"https:\/\/jadara.ngo\/en\/wp-json\/wp\/v2\/media?parent=8714"}],"curies":[{"name":"wp","href":"https:\/\/api.w.org\/{rel}","templated":true}]}}